{"id":74,"date":"2023-08-08T17:49:52","date_gmt":"2023-08-08T17:49:52","guid":{"rendered":"https:\/\/ssr.cl\/home\/\/?page_id=74"},"modified":"2024-03-22T23:10:18","modified_gmt":"2024-03-22T23:10:18","slug":"experiencias-de-intercambio","status":"publish","type":"page","link":"https:\/\/ssr.cl\/home\/experiencias-de-intercambio\/","title":{"rendered":"Experiencias de Intercambio"},"content":{"rendered":"\t\t<div data-elementor-type=\"wp-page\" data-elementor-id=\"74\" class=\"elementor elementor-74\" data-elementor-post-type=\"page\">\n\t\t\t\t<div class=\"elementor-element elementor-element-558d1e8 e-flex e-con-boxed e-con e-parent\" data-id=\"558d1e8\" data-element_type=\"container\" data-settings=\"{&quot;background_background&quot;:&quot;classic&quot;}\">\n\t\t\t\t\t<div class=\"e-con-inner\">\n\t\t\t\t<div class=\"elementor-element elementor-element-6e0fc96 elementor-widget__width-initial elementor-widget-mobile__width-inherit elementor-widget elementor-widget-heading\" data-id=\"6e0fc96\" data-element_type=\"widget\" data-widget_type=\"heading.default\">\n\t\t\t\t<div class=\"elementor-widget-container\">\n\t\t\t\t\t<h2 class=\"elementor-heading-title elementor-size-default\">Experiencias de Intercambio<\/h2>\t\t\t\t<\/div>\n\t\t\t\t<\/div>\n\t\t\t\t<div class=\"elementor-element elementor-element-42911d4 elementor-widget-divider--view-line elementor-widget elementor-widget-divider\" data-id=\"42911d4\" data-element_type=\"widget\" data-widget_type=\"divider.default\">\n\t\t\t\t<div class=\"elementor-widget-container\">\n\t\t\t\t\t\t\t<div class=\"elementor-divider\">\n\t\t\t<span class=\"elementor-divider-separator\">\n\t\t\t\t\t\t<\/span>\n\t\t<\/div>\n\t\t\t\t\t\t<\/div>\n\t\t\t\t<\/div>\n\t\t\t\t\t<\/div>\n\t\t\t\t<\/div>\n\t\t<div class=\"elementor-element elementor-element-9283e66 e-flex e-con-boxed e-con e-parent\" data-id=\"9283e66\" data-element_type=\"container\">\n\t\t\t\t\t<div class=\"e-con-inner\">\n\t\t\t\t<div class=\"elementor-element elementor-element-7720985 elementor-widget__width-initial elementor-widget-tablet__width-inherit elementor-widget elementor-widget-text-editor\" data-id=\"7720985\" data-element_type=\"widget\" data-widget_type=\"text-editor.default\">\n\t\t\t\t<div class=\"elementor-widget-container\">\n\t\t\t\t\t\t\t\t\t<p>Fomentamos el intercambio estudiantil para potenciar el desarrollo ling\u00fc\u00edstico y cultural. Recibimos y enviamos alumnos enriqueciendo la experiencia educativa, fortaleciendo idiomas y abriendo su mundo a la diversidad cultural global.&nbsp;<\/p>\t\t\t\t\t\t\t\t<\/div>\n\t\t\t\t<\/div>\n\t\t\t\t<div class=\"elementor-element elementor-element-6e12afa elementor-widget-divider--view-line elementor-widget elementor-widget-divider\" data-id=\"6e12afa\" data-element_type=\"widget\" data-widget_type=\"divider.default\">\n\t\t\t\t<div class=\"elementor-widget-container\">\n\t\t\t\t\t\t\t<div class=\"elementor-divider\">\n\t\t\t<span class=\"elementor-divider-separator\">\n\t\t\t\t\t\t<\/span>\n\t\t<\/div>\n\t\t\t\t\t\t<\/div>\n\t\t\t\t<\/div>\n\t\t\t\t\t<\/div>\n\t\t\t\t<\/div>\n\t\t<div class=\"elementor-element elementor-element-15b1bf9 e-flex e-con-boxed e-con e-parent\" data-id=\"15b1bf9\" data-element_type=\"container\" data-settings=\"{&quot;background_background&quot;:&quot;classic&quot;}\">\n\t\t\t\t\t<div class=\"e-con-inner\">\n\t\t<div class=\"elementor-element elementor-element-c810d4d e-con-full e-flex e-con e-child\" data-id=\"c810d4d\" data-element_type=\"container\">\n\t\t\t\t<div class=\"elementor-element elementor-element-d315321 elementor-arrows-position-inside elementor-widget elementor-widget-image-carousel\" data-id=\"d315321\" data-element_type=\"widget\" data-settings=\"{&quot;slides_to_show&quot;:&quot;1&quot;,&quot;navigation&quot;:&quot;arrows&quot;,&quot;autoplay&quot;:&quot;yes&quot;,&quot;pause_on_hover&quot;:&quot;yes&quot;,&quot;pause_on_interaction&quot;:&quot;yes&quot;,&quot;autoplay_speed&quot;:5000,&quot;infinite&quot;:&quot;yes&quot;,&quot;effect&quot;:&quot;slide&quot;,&quot;speed&quot;:500}\" data-widget_type=\"image-carousel.default\">\n\t\t\t\t<div class=\"elementor-widget-container\">\n\t\t\t\t\t\t\t<div class=\"elementor-image-carousel-wrapper swiper\" role=\"region\" aria-roledescription=\"carousel\" aria-label=\"Carrusel de im\u00e1genes\" dir=\"ltr\">\n\t\t\t<div class=\"elementor-image-carousel swiper-wrapper\" aria-live=\"off\">\n\t\t\t\t\t\t\t\t<div class=\"swiper-slide\" role=\"group\" aria-roledescription=\"slide\" aria-label=\"1 de 1\"><figure class=\"swiper-slide-inner\"><img decoding=\"async\" class=\"swiper-slide-image\" src=\"https:\/\/ssr.cl\/home\/wp-content\/uploads\/2023\/09\/cta_exp_intercambio.webp\" alt=\"cta_exp_intercambio\" \/><\/figure><\/div>\t\t\t<\/div>\n\t\t\t\t\t<\/div>\n\t\t\t\t\t\t<\/div>\n\t\t\t\t<\/div>\n\t\t\t\t<\/div>\n\t\t<div class=\"elementor-element elementor-element-398b544 e-con-full e-flex e-con e-child\" data-id=\"398b544\" data-element_type=\"container\">\n\t\t\t\t<div class=\"elementor-element elementor-element-40c4f75 elementor-widget elementor-widget-heading\" data-id=\"40c4f75\" data-element_type=\"widget\" data-widget_type=\"heading.default\">\n\t\t\t\t<div class=\"elementor-widget-container\">\n\t\t\t\t\t<h2 class=\"elementor-heading-title elementor-size-default\">Experiencias de Intercambio<\/h2>\t\t\t\t<\/div>\n\t\t\t\t<\/div>\n\t\t\t\t<div class=\"elementor-element elementor-element-ab8933a elementor-widget elementor-widget-heading\" data-id=\"ab8933a\" data-element_type=\"widget\" data-widget_type=\"heading.default\">\n\t\t\t\t<div class=\"elementor-widget-container\">\n\t\t\t\t\t<h2 class=\"elementor-heading-title elementor-size-default\">Aprendizaje m\u00e1s all\u00e1 de las fronteras<\/h2>\t\t\t\t<\/div>\n\t\t\t\t<\/div>\n\t\t\t\t<div class=\"elementor-element elementor-element-e8e0400 elementor-widget-divider--view-line elementor-widget elementor-widget-divider\" data-id=\"e8e0400\" data-element_type=\"widget\" data-widget_type=\"divider.default\">\n\t\t\t\t<div class=\"elementor-widget-container\">\n\t\t\t\t\t\t\t<div class=\"elementor-divider\">\n\t\t\t<span class=\"elementor-divider-separator\">\n\t\t\t\t\t\t<\/span>\n\t\t<\/div>\n\t\t\t\t\t\t<\/div>\n\t\t\t\t<\/div>\n\t\t\t\t<div class=\"elementor-element elementor-element-6109cc4 elementor-widget elementor-widget-text-editor\" data-id=\"6109cc4\" data-element_type=\"widget\" data-widget_type=\"text-editor.default\">\n\t\t\t\t<div class=\"elementor-widget-container\">\n\t\t\t\t\t\t\t\t\t<p>Somos receptores de j\u00f3venes de Intercambio y promovemos estos programas en nuestros estudiantes&nbsp; por los beneficios que tienen para sus vidas: potenciar el aprendizaje de idiomas, conocer y vivir en nuevas culturas, fomentar el respeto hacia ellas, y desarrollar habilidades personales.&nbsp; Estas vivencias trascienden las aulas&nbsp;<span style=\"color: var( --e-global-color-8e8a606 ); font-family: var( --e-global-typography-text-font-family ), Sans-serif; font-size: var( --e-global-typography-text-font-size ); font-weight: var( --e-global-typography-text-font-weight ); text-align: var(--text-align); background-color: var( --e-global-color-primary );\">favoreciendo el crecimiento integral de nuestras\/os alumnas\/os.<\/span><\/p>\t\t\t\t\t\t\t\t<\/div>\n\t\t\t\t<\/div>\n\t\t\t\t<\/div>\n\t\t\t\t\t<\/div>\n\t\t\t\t<\/div>\n\t\t\t\t<\/div>\n\t\t","protected":false},"excerpt":{"rendered":"<p>Experiencias de Intercambio Fomentamos el intercambio estudiantil para potenciar el desarrollo ling\u00fc\u00edstico y cultural. Recibimos y enviamos alumnos enriqueciendo la experiencia educativa, fortaleciendo idiomas y abriendo su mundo a la diversidad cultural global.&nbsp; Experiencias de Intercambio Aprendizaje m\u00e1s all\u00e1 de las fronteras Somos receptores de j\u00f3venes de Intercambio y promovemos estos programas en nuestros estudiantes&nbsp; [&hellip;]<\/p>\n","protected":false},"author":1,"featured_media":0,"parent":0,"menu_order":0,"comment_status":"closed","ping_status":"closed","template":"elementor_header_footer","meta":{"footnotes":""},"class_list":["post-74","page","type-page","status-publish","hentry"],"_links":{"self":[{"href":"https:\/\/ssr.cl\/home\/wp-json\/wp\/v2\/pages\/74","targetHints":{"allow":["GET"]}}],"collection":[{"href":"https:\/\/ssr.cl\/home\/wp-json\/wp\/v2\/pages"}],"about":[{"href":"https:\/\/ssr.cl\/home\/wp-json\/wp\/v2\/types\/page"}],"author":[{"embeddable":true,"href":"https:\/\/ssr.cl\/home\/wp-json\/wp\/v2\/users\/1"}],"replies":[{"embeddable":true,"href":"https:\/\/ssr.cl\/home\/wp-json\/wp\/v2\/comments?post=74"}],"version-history":[{"count":47,"href":"https:\/\/ssr.cl\/home\/wp-json\/wp\/v2\/pages\/74\/revisions"}],"predecessor-version":[{"id":24704,"href":"https:\/\/ssr.cl\/home\/wp-json\/wp\/v2\/pages\/74\/revisions\/24704"}],"wp:attachment":[{"href":"https:\/\/ssr.cl\/home\/wp-json\/wp\/v2\/media?parent=74"}],"curies":[{"name":"wp","href":"https:\/\/api.w.org\/{rel}","templated":true}]}}